{"id":1099,"date":"2019-12-18T19:40:56","date_gmt":"2019-12-18T19:40:56","guid":{"rendered":"http:\/\/themeforest.unitedthemes.com\/wpversions\/brooklyn\/xml\/demo42\/?page_id=1099"},"modified":"2023-05-22T20:13:15","modified_gmt":"2023-05-22T18:13:15","slug":"example-page-1","status":"publish","type":"page","link":"https:\/\/vsd-hamburg.de\/?page_id=1099","title":{"rendered":"Bandbusvermietung"},"content":{"rendered":"<p>[vc_section css=&#8220;.vc_custom_1682971394598{background-color: #ffffff !important;}&#8220;][vc_row][vc_column]<div class=\"wpb_content_element \"><style type=\"text\/css\">#ut_header_69f359da9315d h2.section-title, #ut_header_69f359da9315d h2.section-title span { color:#000000; }#ut_header_69f359da9315d h2.section-title { font-size:80px !important;line-height:88px !important;letter-spacing:-0.05em; }#ut_header_69f359da9315d.pt-style-2 .page-title span:after, #ut_header_69f359da9315d.pt-style-2 .parallax-title span:after, #ut_header_69f359da9315d.pt-style-2 .section-title span:after { background-color:#000000 !important;}<\/style><header id=\"ut_header_69f359da9315d\" class=\"section-header  ut-no-title-linebreak-mobile ut-no-lead-linebreak-mobile pt-style-2 header-center header-tablet-center header-mobile-center element-with-custom-line-height\"><div class=\"element-with-custom-line-height\" ><h2 data-title=\"Bandbusvermietung\"  data-responsive-font=\"section_title\" data-responsive-font-settings=\"{&quot;base-font-size&quot;:&quot;global&quot;,&quot;font-size&quot;:{&quot;desktop_large&quot;:&quot;80&quot;},&quot;base-line-height&quot;:&quot;global&quot;,&quot;line-height&quot;:{&quot;desktop_large&quot;:&quot;88&quot;},&quot;base-letter-spacing&quot;:&quot;global&quot;,&quot;letter-spacing&quot;:{&quot;desktop_large&quot;:&quot;-0.05&quot;}}\" class=\"section-title  \"><span>Bandbusvermietung<\/span><\/h2><\/div><\/header><\/div>[vc_column_text]<\/p>\n<p style=\"text-align: center;\"><span style=\"color: #000000;\">Die VSD-Vermietfahrzeugflotte verf\u00fcgt \u00fcber speziell f\u00fcr die Anspr\u00fcche von Musikern und Bands ausgebaute Fahrzeuge, wie z.B. Mercedes Sprinter mit verschiedenen Sitzplatzvarianten sowie unterschiedlich gro\u00df abgetrennten Lader\u00e4umen. Diese sind speziell ausgekleidet, um Backline, Technik und Merchandising sicher zu transportieren. <\/span><\/p>\n<p>[\/vc_column_text][\/vc_column][\/vc_row][\/vc_section][vc_section css=&#8220;.vc_custom_1683140373955{border-top-width: -50px !important;background-color: #ffffff !important;}&#8220;][vc_row][vc_column width=&#8220;1\/2&#8243;][vc_column_text]<span style=\"color: #000000; font-size: 18pt;\"><strong>Economy<\/strong><\/span>[\/vc_column_text]<div class=\"wpb_content_element ut-gallery-10  clearfix\"><style type=\"text\/css\">#ut_ig_69f359da97135 .ut-lazy:not(.ut-image-loaded) + .ut-video-module-loading { display:block; }#ut_ig_69f359da97135 .ut-lazy.ut-image-loaded + .ut-video-module-loading { display:none; }#ut_ig_69f359da97135 .ut-animate-gallery-element { opacity: 0; }<\/style><div id=\"ut_ig_69f359da97135\" class=\"ut-image-gallery ut-image-gallery-module  ut-image-gallery-10 clearfix\" data-settings=\"{&quot;animate&quot;:true,&quot;effect&quot;:&quot;fadeIn&quot;,&quot;lazy&quot;:true,&quot;delay_animation&quot;:true,&quot;global_delay_animation&quot;:false,&quot;delay_timer&quot;:100,&quot;global_delay_timer&quot;:100}\" ><div data-effect=\"fadeIn\" data-animateonce=\"yes\" data-count=\"2\" class=\"ut-image-gallery-item ut-animate-gallery-element animated ut-no-animation-tablet ut-no-animation-mobile  grid-50 tablet-grid-50 mobile-grid-100\"><a  class=\"ut-vc-images-lightbox ut-vc-images-lightbox-group-image\"  data-exthumbimage=\"https:\/\/vsd-hamburg.de\/wp-content\/uploads\/2023\/05\/8.-MB-Sprinter-Standard_8020-200x200.jpg\" href=\"https:\/\/vsd-hamburg.de\/wp-content\/uploads\/2023\/05\/8.-MB-Sprinter-Standard_8020-1080x720.jpg\" ><div class=\"ut-image-gallery-image\" ><img loading=\"lazy\" decoding=\"async\"  class=\" ut-lazy skip-lazy\" src=\"data:image\/svg+xml;charset=utf-8,%3Csvg xmlns%3D'http%3A%2F%2Fwww.w3.org%2F2000%2Fsvg' viewBox%3D'0 0 650 433'%2F%3E\" data-src=\"https:\/\/vsd-hamburg.de\/wp-content\/uploads\/2023\/05\/8.-MB-Sprinter-Standard_8020-650x433.jpg\" width=\"650\" height=\"433\"><\/div><\/a><\/div><div data-effect=\"fadeIn\" data-animateonce=\"yes\" data-count=\"2\" class=\"ut-image-gallery-item ut-animate-gallery-element animated ut-no-animation-tablet ut-no-animation-mobile   grid-50 tablet-grid-50 mobile-grid-100\"><a  class=\"ut-vc-images-lightbox ut-vc-images-lightbox-group-image\"  data-exthumbimage=\"https:\/\/vsd-hamburg.de\/wp-content\/uploads\/2023\/05\/8.-MB-Sprinter-Standard_8006-200x200.jpg\" href=\"https:\/\/vsd-hamburg.de\/wp-content\/uploads\/2023\/05\/8.-MB-Sprinter-Standard_8006-1080x720.jpg\" ><div class=\"ut-image-gallery-image\" ><img loading=\"lazy\" decoding=\"async\"  class=\" ut-lazy skip-lazy\" src=\"data:image\/svg+xml;charset=utf-8,%3Csvg xmlns%3D'http%3A%2F%2Fwww.w3.org%2F2000%2Fsvg' viewBox%3D'0 0 650 433'%2F%3E\" data-src=\"https:\/\/vsd-hamburg.de\/wp-content\/uploads\/2023\/05\/8.-MB-Sprinter-Standard_8006-650x433.jpg\" width=\"650\" height=\"433\"><\/div><\/a><\/div><div class=\"ut-image-gallery-sizer\"><\/div><div class=\"clear\"><\/div><\/div><\/div>[\/vc_column][vc_column width=&#8220;1\/2&#8243;][vc_empty_space height=&#8220;70px&#8220;]<div class=\"wpb_content_element \"><style class=\"bklyn-inline-styles\" type=\"text\/css\">#ut_pd_69f359da9795f.ut-portfolio-info-details .widget-title { color: #000000; }#ut_pd_69f359da9795f.ut-portfolio-info-details p { color: #000000; }#ut_pd_69f359da9795f.ut-portfolio-info-details a { color: #000000; }#ut_pd_69f359da9795f.ut-portfolio-info-details a:visited { color: #000000; }#ut_pd_69f359da9795f.ut-portfolio-info-details a:hover { color: #000000; }#ut_pd_69f359da9795f.ut-portfolio-info-details a:focus { color: #000000; }#ut_pd_69f359da9795f.ut-portfolio-info-details a:active { color: #000000; }<\/style><div id=\"ut_pd_69f359da9795f\" class=\"ut-portfolio-info-details ut-portfolio-info-left \"><ul class=\"ut-portfolio-info-details-list clearfix\"><li><h6 class=\"widget-title\">Sitze:<\/h6><p>Sitzb\u00e4nke, 2-2-2-3 oder 3-3-3<\/p><\/li><li><h6 class=\"widget-title\">SitzeLadefl\u00e4che:<\/h6><p>H 1,80m x B 1,70m x T 1,60m<\/p><\/li><li><h6 class=\"widget-title\">Ausstattung:\t<\/h6><p>220V\/240V Steckdosen, Einparkhilfe, Tempomat, get\u00f6nte Scheiben<\/p><\/li><\/ul><\/div><\/div>[\/vc_column][\/vc_row][vc_row][vc_column width=&#8220;1\/2&#8243;][vc_column_text]<span style=\"color: #000000; font-size: 18pt;\"><strong>Economy Plus<\/strong><\/span>[\/vc_column_text]<div class=\"wpb_content_element ut-gallery-10  clearfix\"><style type=\"text\/css\">#ut_ig_69f359da9797f .ut-lazy:not(.ut-image-loaded) + .ut-video-module-loading { display:block; }#ut_ig_69f359da9797f .ut-lazy.ut-image-loaded + .ut-video-module-loading { display:none; }#ut_ig_69f359da9797f .ut-animate-gallery-element { opacity: 0; }<\/style><div id=\"ut_ig_69f359da9797f\" class=\"ut-image-gallery ut-image-gallery-module  ut-image-gallery-10 clearfix\" data-settings=\"{&quot;animate&quot;:true,&quot;effect&quot;:&quot;fadeIn&quot;,&quot;lazy&quot;:true,&quot;delay_animation&quot;:true,&quot;global_delay_animation&quot;:false,&quot;delay_timer&quot;:100,&quot;global_delay_timer&quot;:100}\" ><div data-effect=\"fadeIn\" data-animateonce=\"yes\" data-count=\"2\" class=\"ut-image-gallery-item ut-animate-gallery-element animated ut-no-animation-tablet ut-no-animation-mobile  grid-50 tablet-grid-50 mobile-grid-100\"><a  class=\"ut-vc-images-lightbox ut-vc-images-lightbox-group-image\"  data-exthumbimage=\"https:\/\/vsd-hamburg.de\/wp-content\/uploads\/2023\/05\/6.-VW-Crafter-orig.-blau_8039-200x200.jpg\" href=\"https:\/\/vsd-hamburg.de\/wp-content\/uploads\/2023\/05\/6.-VW-Crafter-orig.-blau_8039-1080x720.jpg\" ><div class=\"ut-image-gallery-image\" ><img loading=\"lazy\" decoding=\"async\"  class=\" ut-lazy skip-lazy\" src=\"data:image\/svg+xml;charset=utf-8,%3Csvg xmlns%3D'http%3A%2F%2Fwww.w3.org%2F2000%2Fsvg' viewBox%3D'0 0 650 433'%2F%3E\" data-src=\"https:\/\/vsd-hamburg.de\/wp-content\/uploads\/2023\/05\/6.-VW-Crafter-orig.-blau_8039-650x433.jpg\" width=\"650\" height=\"433\"><\/div><\/a><\/div><div data-effect=\"fadeIn\" data-animateonce=\"yes\" data-count=\"2\" class=\"ut-image-gallery-item ut-animate-gallery-element animated ut-no-animation-tablet ut-no-animation-mobile   grid-50 tablet-grid-50 mobile-grid-100\"><a  class=\"ut-vc-images-lightbox ut-vc-images-lightbox-group-image\"  data-exthumbimage=\"https:\/\/vsd-hamburg.de\/wp-content\/uploads\/2023\/05\/6.-VW-Crafter-orig.-blau_8054-200x200.jpg\" href=\"https:\/\/vsd-hamburg.de\/wp-content\/uploads\/2023\/05\/6.-VW-Crafter-orig.-blau_8054-1080x720.jpg\" ><div class=\"ut-image-gallery-image\" ><img loading=\"lazy\" decoding=\"async\"  class=\" ut-lazy skip-lazy\" src=\"data:image\/svg+xml;charset=utf-8,%3Csvg xmlns%3D'http%3A%2F%2Fwww.w3.org%2F2000%2Fsvg' viewBox%3D'0 0 650 433'%2F%3E\" data-src=\"https:\/\/vsd-hamburg.de\/wp-content\/uploads\/2023\/05\/6.-VW-Crafter-orig.-blau_8054-650x433.jpg\" width=\"650\" height=\"433\"><\/div><\/a><\/div><div class=\"ut-image-gallery-sizer\"><\/div><div class=\"clear\"><\/div><\/div><\/div>[\/vc_column][vc_column width=&#8220;1\/2&#8243;][vc_empty_space height=&#8220;70px&#8220;]<div class=\"wpb_content_element \"><style class=\"bklyn-inline-styles\" type=\"text\/css\">#ut_pd_69f359da9800d.ut-portfolio-info-details .widget-title { color: #000000; }#ut_pd_69f359da9800d.ut-portfolio-info-details p { color: #000000; }#ut_pd_69f359da9800d.ut-portfolio-info-details a { color: #000000; }#ut_pd_69f359da9800d.ut-portfolio-info-details a:visited { color: #000000; }#ut_pd_69f359da9800d.ut-portfolio-info-details a:hover { color: #000000; }#ut_pd_69f359da9800d.ut-portfolio-info-details a:focus { color: #000000; }#ut_pd_69f359da9800d.ut-portfolio-info-details a:active { color: #000000; }<\/style><div id=\"ut_pd_69f359da9800d\" class=\"ut-portfolio-info-details ut-portfolio-info-left \"><ul class=\"ut-portfolio-info-details-list clearfix\"><li><h6 class=\"widget-title\">Sitze:<\/h6><p>Sitzb\u00e4nke,  3-3-3<\/p><\/li><li><h6 class=\"widget-title\">Ladefl\u00e4che:<\/h6><p>H 1,80m x B 1,70m x T 2,60m (extra tiefe Ladefl\u00e4che)<\/p><\/li><li><h6 class=\"widget-title\">Ausstattung:\t<\/h6><p>220V\/240V Steckdosen, Einparkhilfe, Tempomat, get\u00f6nte Scheiben<\/p><\/li><\/ul><\/div><\/div>[\/vc_column][\/vc_row][vc_row][vc_column width=&#8220;1\/2&#8243;][vc_column_text]<span style=\"color: #000000; font-size: 18pt;\"><strong>Business <\/strong><\/span>[\/vc_column_text]<div class=\"wpb_content_element ut-gallery-10  clearfix\"><style type=\"text\/css\">#ut_ig_69f359da9802b .ut-lazy:not(.ut-image-loaded) + .ut-video-module-loading { display:block; }#ut_ig_69f359da9802b .ut-lazy.ut-image-loaded + .ut-video-module-loading { display:none; }#ut_ig_69f359da9802b .ut-animate-gallery-element { opacity: 0; }<\/style><div id=\"ut_ig_69f359da9802b\" class=\"ut-image-gallery ut-image-gallery-module  ut-image-gallery-10 clearfix\" data-settings=\"{&quot;animate&quot;:true,&quot;effect&quot;:&quot;fadeIn&quot;,&quot;lazy&quot;:true,&quot;delay_animation&quot;:true,&quot;global_delay_animation&quot;:false,&quot;delay_timer&quot;:100,&quot;global_delay_timer&quot;:100}\" ><div data-effect=\"fadeIn\" data-animateonce=\"yes\" data-count=\"2\" class=\"ut-image-gallery-item ut-animate-gallery-element animated ut-no-animation-tablet ut-no-animation-mobile  grid-50 tablet-grid-50 mobile-grid-100\"><a  class=\"ut-vc-images-lightbox ut-vc-images-lightbox-group-image\"  data-exthumbimage=\"https:\/\/vsd-hamburg.de\/wp-content\/uploads\/2023\/05\/7.-VW-Crafter-Luxus_7811-200x200.jpg\" href=\"https:\/\/vsd-hamburg.de\/wp-content\/uploads\/2023\/05\/7.-VW-Crafter-Luxus_7811-1080x720.jpg\" ><div class=\"ut-image-gallery-image\" ><img loading=\"lazy\" decoding=\"async\"  class=\" ut-lazy skip-lazy\" src=\"data:image\/svg+xml;charset=utf-8,%3Csvg xmlns%3D'http%3A%2F%2Fwww.w3.org%2F2000%2Fsvg' viewBox%3D'0 0 650 433'%2F%3E\" data-src=\"https:\/\/vsd-hamburg.de\/wp-content\/uploads\/2023\/05\/7.-VW-Crafter-Luxus_7811-650x433.jpg\" width=\"650\" height=\"433\"><\/div><\/a><\/div><div data-effect=\"fadeIn\" data-animateonce=\"yes\" data-count=\"2\" class=\"ut-image-gallery-item ut-animate-gallery-element animated ut-no-animation-tablet ut-no-animation-mobile   grid-50 tablet-grid-50 mobile-grid-100\"><a  class=\"ut-vc-images-lightbox ut-vc-images-lightbox-group-image\"  data-exthumbimage=\"https:\/\/vsd-hamburg.de\/wp-content\/uploads\/2023\/05\/7.-VW-Crafter-Luxus_7831-200x200.jpg\" href=\"https:\/\/vsd-hamburg.de\/wp-content\/uploads\/2023\/05\/7.-VW-Crafter-Luxus_7831-1080x720.jpg\" ><div class=\"ut-image-gallery-image\" ><img loading=\"lazy\" decoding=\"async\"  class=\" ut-lazy skip-lazy\" src=\"data:image\/svg+xml;charset=utf-8,%3Csvg xmlns%3D'http%3A%2F%2Fwww.w3.org%2F2000%2Fsvg' viewBox%3D'0 0 650 433'%2F%3E\" data-src=\"https:\/\/vsd-hamburg.de\/wp-content\/uploads\/2023\/05\/7.-VW-Crafter-Luxus_7831-650x433.jpg\" width=\"650\" height=\"433\"><\/div><\/a><\/div><div class=\"ut-image-gallery-sizer\"><\/div><div class=\"clear\"><\/div><\/div><\/div>[\/vc_column][vc_column width=&#8220;1\/2&#8243;][vc_empty_space height=&#8220;70px&#8220;]<div class=\"wpb_content_element \"><style class=\"bklyn-inline-styles\" type=\"text\/css\">#ut_pd_69f359da986b8.ut-portfolio-info-details .widget-title { color: #000000; }#ut_pd_69f359da986b8.ut-portfolio-info-details p { color: #000000; }#ut_pd_69f359da986b8.ut-portfolio-info-details a { color: #000000; }#ut_pd_69f359da986b8.ut-portfolio-info-details a:visited { color: #000000; }#ut_pd_69f359da986b8.ut-portfolio-info-details a:hover { color: #000000; }#ut_pd_69f359da986b8.ut-portfolio-info-details a:focus { color: #000000; }#ut_pd_69f359da986b8.ut-portfolio-info-details a:active { color: #000000; }<\/style><div id=\"ut_pd_69f359da986b8\" class=\"ut-portfolio-info-details ut-portfolio-info-left \"><ul class=\"ut-portfolio-info-details-list clearfix\"><li><h6 class=\"widget-title\">Sitze:<\/h6><p>Einzelsitze, 2-2-2-3<\/p><\/li><li><h6 class=\"widget-title\">Ladefl\u00e4che:<\/h6><p>H 1,80m x B 1,70m x T 1,20-1,40m<\/p><\/li><li><h6 class=\"widget-title\">Ausstattung:\t<\/h6><p>wie Economy, R\u00fcckfahrkamera, K\u00fchlschrank<\/p><\/li><\/ul><\/div><\/div>[\/vc_column][\/vc_row][vc_row][vc_column width=&#8220;1\/2&#8243;][vc_column_text]<span style=\"color: #000000; font-size: 18pt;\"><strong>First Class<\/strong><\/span>[\/vc_column_text]<div class=\"wpb_content_element ut-gallery-10  clearfix\"><style type=\"text\/css\">#ut_ig_69f359da986d4 .ut-lazy:not(.ut-image-loaded) + .ut-video-module-loading { display:block; }#ut_ig_69f359da986d4 .ut-lazy.ut-image-loaded + .ut-video-module-loading { display:none; }#ut_ig_69f359da986d4 .ut-animate-gallery-element { opacity: 0; }<\/style><div id=\"ut_ig_69f359da986d4\" class=\"ut-image-gallery ut-image-gallery-module  ut-image-gallery-10 clearfix\" data-settings=\"{&quot;animate&quot;:true,&quot;effect&quot;:&quot;fadeIn&quot;,&quot;lazy&quot;:true,&quot;delay_animation&quot;:true,&quot;global_delay_animation&quot;:false,&quot;delay_timer&quot;:100,&quot;global_delay_timer&quot;:100}\" ><div data-effect=\"fadeIn\" data-animateonce=\"yes\" data-count=\"3\" class=\"ut-image-gallery-item ut-animate-gallery-element animated ut-no-animation-tablet ut-no-animation-mobile  grid-50 tablet-grid-50 mobile-grid-100\"><a  class=\"ut-vc-images-lightbox ut-vc-images-lightbox-group-image\"  data-exthumbimage=\"https:\/\/vsd-hamburg.de\/wp-content\/uploads\/2023\/05\/9.-MB-Sprinter-Luxus_7893-200x200.jpg\" href=\"https:\/\/vsd-hamburg.de\/wp-content\/uploads\/2023\/05\/9.-MB-Sprinter-Luxus_7893-1079x720.jpg\" ><div class=\"ut-image-gallery-image\" ><img loading=\"lazy\" decoding=\"async\"  class=\" ut-lazy skip-lazy\" src=\"data:image\/svg+xml;charset=utf-8,%3Csvg xmlns%3D'http%3A%2F%2Fwww.w3.org%2F2000%2Fsvg' viewBox%3D'0 0 650 433'%2F%3E\" data-src=\"https:\/\/vsd-hamburg.de\/wp-content\/uploads\/2023\/05\/9.-MB-Sprinter-Luxus_7893-650x433.jpg\" width=\"650\" height=\"433\"><\/div><\/a><\/div><div data-effect=\"fadeIn\" data-animateonce=\"yes\" data-count=\"1\" class=\"ut-image-gallery-item ut-animate-gallery-element animated ut-no-animation-tablet ut-no-animation-mobile   grid-50 tablet-grid-50 mobile-grid-100 ut-desktop-last\"><a  class=\"ut-vc-images-lightbox ut-vc-images-lightbox-group-image\"  data-exthumbimage=\"https:\/\/vsd-hamburg.de\/wp-content\/uploads\/2023\/05\/9.-MB-Sprinter-Luxus_7927-200x200.jpg\" href=\"https:\/\/vsd-hamburg.de\/wp-content\/uploads\/2023\/05\/9.-MB-Sprinter-Luxus_7927-1080x720.jpg\" ><div class=\"ut-image-gallery-image\" ><img loading=\"lazy\" decoding=\"async\"  class=\" ut-lazy skip-lazy\" src=\"data:image\/svg+xml;charset=utf-8,%3Csvg xmlns%3D'http%3A%2F%2Fwww.w3.org%2F2000%2Fsvg' viewBox%3D'0 0 650 433'%2F%3E\" data-src=\"https:\/\/vsd-hamburg.de\/wp-content\/uploads\/2023\/05\/9.-MB-Sprinter-Luxus_7927-650x433.jpg\" width=\"650\" height=\"433\"><\/div><\/a><\/div><div class=\"clear hide-on-tablet\"><\/div><div data-effect=\"fadeIn\" data-animateonce=\"yes\" data-count=\"1\" class=\"ut-image-gallery-item ut-animate-gallery-element animated ut-no-animation-tablet ut-no-animation-mobile    grid-50 tablet-grid-50 mobile-grid-100\"><a  class=\"ut-vc-images-lightbox ut-vc-images-lightbox-group-image\"  data-exthumbimage=\"https:\/\/vsd-hamburg.de\/wp-content\/uploads\/2023\/05\/9.-MB-Sprinter-Luxus_7939-200x200.jpg\" href=\"https:\/\/vsd-hamburg.de\/wp-content\/uploads\/2023\/05\/9.-MB-Sprinter-Luxus_7939-1080x720.jpg\" ><div class=\"ut-image-gallery-image\" ><img loading=\"lazy\" decoding=\"async\"  class=\" ut-lazy skip-lazy\" src=\"data:image\/svg+xml;charset=utf-8,%3Csvg xmlns%3D'http%3A%2F%2Fwww.w3.org%2F2000%2Fsvg' viewBox%3D'0 0 650 433'%2F%3E\" data-src=\"https:\/\/vsd-hamburg.de\/wp-content\/uploads\/2023\/05\/9.-MB-Sprinter-Luxus_7939-650x433.jpg\" width=\"650\" height=\"433\"><\/div><\/a><\/div><div class=\"ut-image-gallery-sizer\"><\/div><div class=\"clear\"><\/div><\/div><\/div>[\/vc_column][vc_column width=&#8220;1\/2&#8243;][vc_empty_space height=&#8220;70px&#8220;]<div class=\"wpb_content_element \"><style class=\"bklyn-inline-styles\" type=\"text\/css\">#ut_pd_69f359da99142.ut-portfolio-info-details .widget-title { color: #000000; }#ut_pd_69f359da99142.ut-portfolio-info-details p { color: #000000; }#ut_pd_69f359da99142.ut-portfolio-info-details a { color: #000000; }#ut_pd_69f359da99142.ut-portfolio-info-details a:visited { color: #000000; }#ut_pd_69f359da99142.ut-portfolio-info-details a:hover { color: #000000; }#ut_pd_69f359da99142.ut-portfolio-info-details a:focus { color: #000000; }#ut_pd_69f359da99142.ut-portfolio-info-details a:active { color: #000000; }<\/style><div id=\"ut_pd_69f359da99142\" class=\"ut-portfolio-info-details ut-portfolio-info-left \"><ul class=\"ut-portfolio-info-details-list clearfix\"><li><h6 class=\"widget-title\">Sitze:<\/h6><p>Einzelsitze Leder mit verstellbarer R\u00fcckenlehne, 2-2-2-3<\/p><\/li><li><h6 class=\"widget-title\">Ladefl\u00e4che:<\/h6><p>H 1,80m x B 1,70m x T 1,20m<\/p><\/li><li><h6 class=\"widget-title\">Ausstattung:\t<\/h6><p>wie Economy, R\u00fcckfahrkamera, Automatik, Anh\u00e4ngerkupplung, Multifunktionslenkrad, LCD Bildschirm mit Bluetooth, USB Anschl\u00fcsse<\/p><\/li><\/ul><\/div><\/div>[\/vc_column][\/vc_row][vc_row][vc_column][vc_column_text]<\/p>\n<p style=\"text-align: center;\"><span style=\"color: #000000;\">Wir erstellen Ihnen gern ein individuelles Angebot f\u00fcr Kurz- oder Langzeitmieten \u00fcber unsere Kontaktseite.<\/span><\/p>\n<p style=\"text-align: center;\"><span style=\"color: #000000;\">All unsere Modelle k\u00f6nnen als Selbstfahrer-Mietfahrzeuge an unserem Standort Hamburg angemietet werden, wobei Zustellung und Abholung zu anderen Adressen jederzeit nach Absprache m\u00f6glich ist. Die Preise hierf\u00fcr berechnen sich individuell.<\/span><\/p>\n<p style=\"text-align: center;\"><span style=\"color: #000000;\">F\u00fcr weitere Fahrzeugkategorien vom Kleinwagen \u00fcber Mittelklasse bis hin zur Luxuslimousine besuchen Sie unsere Seite <a style=\"color: #000000;\" href=\"https:\/\/vsd-hamburg.de\/?page_id=1132\"><u>Mietwagen<\/u>.<\/a><\/span><\/p>\n<p>&nbsp;<\/p>\n<p style=\"text-align: center;\"><span style=\"color: #000000;\"><strong><a style=\"color: #000000;\" href=\"https:\/\/vsd-hamburg.de\/wp-content\/uploads\/2023\/05\/AGB-BB-VSD-Hamburg_V1-01.01.2023.pdf\" target=\"_blank\" rel=\"noopener\">Unsere AGB\u00b4s<\/a><\/strong><\/span><\/p>\n<p>[\/vc_column_text][\/vc_column][\/vc_row][\/vc_section]<\/p>\n","protected":false},"excerpt":{"rendered":"<p>[vc_section css=&#8220;.vc_custom_1682971394598{background-color: #ffffff !important;}&#8220;][vc_row][vc_column][vc_column_text] Die VSD-Vermietfahrzeugflotte verf\u00fcgt \u00fcber speziell f\u00fcr die Anspr\u00fcche von Musikern und Bands ausgebaute Fahrzeuge, wie z.B. Mercedes Sprinter mit verschiedenen Sitzplatzvarianten sowie unterschiedlich gro\u00df abgetrennten Lader\u00e4umen. Diese sind speziell ausgekleidet, um Backline, Technik und Merchandising sicher zu transportieren. [\/vc_column_text][\/vc_column][\/vc_row][\/vc_section][vc_section css=&#8220;.vc_custom_1683140373955{border-top-width: -50px !important;background-color: #ffffff !important;}&#8220;][vc_row][vc_column width=&#8220;1\/2&#8243;][vc_column_text]Economy[\/vc_column_text][\/vc_column][vc_column width=&#8220;1\/2&#8243;][vc_empty_space height=&#8220;70px&#8220;][\/vc_column][\/vc_row][vc_row][vc_column width=&#8220;1\/2&#8243;][vc_column_text]Economy Plus[\/vc_column_text][\/vc_column][vc_column width=&#8220;1\/2&#8243;][vc_empty_space height=&#8220;70px&#8220;][\/vc_column][\/vc_row][vc_row][vc_column [&hellip;]<\/p>\n","protected":false},"author":1,"featured_media":0,"parent":0,"menu_order":0,"comment_status":"closed","ping_status":"closed","template":"","meta":{"footnotes":""},"class_list":["post-1099","page","type-page","status-publish","hentry"],"_links":{"self":[{"href":"https:\/\/vsd-hamburg.de\/index.php?rest_route=\/wp\/v2\/pages\/1099","targetHints":{"allow":["GET"]}}],"collection":[{"href":"https:\/\/vsd-hamburg.de\/index.php?rest_route=\/wp\/v2\/pages"}],"about":[{"href":"https:\/\/vsd-hamburg.de\/index.php?rest_route=\/wp\/v2\/types\/page"}],"author":[{"embeddable":true,"href":"https:\/\/vsd-hamburg.de\/index.php?rest_route=\/wp\/v2\/users\/1"}],"replies":[{"embeddable":true,"href":"https:\/\/vsd-hamburg.de\/index.php?rest_route=%2Fwp%2Fv2%2Fcomments&post=1099"}],"version-history":[{"count":10,"href":"https:\/\/vsd-hamburg.de\/index.php?rest_route=\/wp\/v2\/pages\/1099\/revisions"}],"predecessor-version":[{"id":1212,"href":"https:\/\/vsd-hamburg.de\/index.php?rest_route=\/wp\/v2\/pages\/1099\/revisions\/1212"}],"wp:attachment":[{"href":"https:\/\/vsd-hamburg.de\/index.php?rest_route=%2Fwp%2Fv2%2Fmedia&parent=1099"}],"curies":[{"name":"wp","href":"https:\/\/api.w.org\/{rel}","templated":true}]}}