{"id":1114,"date":"2019-12-18T19:45:49","date_gmt":"2019-12-18T18:45:49","guid":{"rendered":"http:\/\/themeforest.unitedthemes.com\/wpversions\/brooklyn\/xml\/demo42\/?page_id=1114"},"modified":"2023-05-03T23:33:49","modified_gmt":"2023-05-03T21:33:49","slug":"example-page-5","status":"publish","type":"page","link":"https:\/\/vsd-hamburg.de\/?page_id=1114","title":{"rendered":"Fahrdienst"},"content":{"rendered":"<p>[vc_row css=&#8220;.vc_custom_1683149514671{background-color: #ffffff !important;}&#8220;][vc_column][vc_custom_heading text=&#8220;&#8220; font_container=&#8220;tag:h6|font_size:15px|text_align:center|color:%23cccccc&#8220; use_theme_fonts=&#8220;yes&#8220; css=&#8220;.vc_custom_1682973871565{margin-bottom: 10px !important;}&#8220;]<div class=\"wpb_content_element \"><style type=\"text\/css\">#ut_header_69d8c13f23d75 h2.section-title, #ut_header_69d8c13f23d75 h2.section-title span { color:#000000; }#ut_header_69d8c13f23d75 h2.section-title { font-size:80px !important;line-height:88px !important;letter-spacing:-0.05em; }#ut_header_69d8c13f23d75.pt-style-2 .page-title span:after, #ut_header_69d8c13f23d75.pt-style-2 .parallax-title span:after, #ut_header_69d8c13f23d75.pt-style-2 .section-title span:after { background-color:#000000 !important;}<\/style><header id=\"ut_header_69d8c13f23d75\" class=\"section-header  ut-no-title-linebreak-mobile pt-style-2 header-center header-tablet-center header-mobile-center element-with-custom-line-height\"><div class=\"element-with-custom-line-height\" ><h2 data-title=\"Fahrdienst\"  data-responsive-font=\"section_title\" data-responsive-font-settings=\"{&quot;base-font-size&quot;:&quot;global&quot;,&quot;font-size&quot;:{&quot;desktop_large&quot;:&quot;80&quot;},&quot;base-line-height&quot;:&quot;global&quot;,&quot;line-height&quot;:{&quot;desktop_large&quot;:&quot;88&quot;},&quot;base-letter-spacing&quot;:&quot;global&quot;,&quot;letter-spacing&quot;:{&quot;desktop_large&quot;:&quot;-0.05&quot;}}\" class=\"section-title  \"><span>Fahrdienst<\/span><\/h2><\/div><\/header><\/div>[vc_row_inner][vc_column_inner width=&#8220;1\/2&#8243;]<div data-effect=\"fadeIn\" data-animateonce=\"yes\" data-delay=\"0\" class=\"wpb_content_element ut-animate-image animated  clearfix\"><style type=\"text\/css\">#ut_am_69d8c13f27d91 { opacity: 1; }#ut_am_wrap_69d8c13f27d92 .ut-image-gallery-item-caption-title h3 { letter-spacing: -0.03em; }#ut_am_wrap_69d8c13f27d92 .ut-gallery-slider-caption { font-weight: bold; }#ut_am_wrap_69d8c13f27d92 { text-align: left; }@media (min-width: 768px) and (max-width: 1024px) { #ut_am_wrap_69d8c13f27d92 { text-align: left !important; } }@media (max-width: 767px) { #ut_am_wrap_69d8c13f27d92 { text-align: center !important; } }<\/style><div id=\"ut_am_wrap_69d8c13f27d92\" class=\"ut-image-gallery-image \"><div id=\"ut_reveal_69d8c13f27d93\"  data-appear-top-offset=\"auto\" class=\"ut-animated-image-item ut-image-gallery-item ut-animation-done \"><a class=\"ut-deactivated-link\" href=\"#\"><div class=\"ut-box-shadow-container ut-box-shadow-3\"><div class=\"ut-box-shadow-container-inner\"><\/div><\/div><div class=\"ut-animated-image-zoom\"><img loading=\"lazy\" decoding=\"async\" class=\"ut-lazy skip-lazy ut-animated-image \"  id=\"ut_am_69d8c13f27d91\" src=\"data:image\/svg+xml;charset=utf-8,%3Csvg xmlns%3D'http%3A%2F%2Fwww.w3.org%2F2000%2Fsvg' viewBox%3D'0 0 1300 867'%2F%3E\" data-src=\"https:\/\/vsd-hamburg.de\/wp-content\/uploads\/2023\/05\/1_fuenf_Fahrzeuge_7609-1300x867.jpg\" width=\"1300\" height=\"867\" alt=\"\"\/><\/div><\/a><\/div><\/div><\/div>[\/vc_column_inner][vc_column_inner width=&#8220;1\/2&#8243;][vc_column_text]<span style=\"color: #000000;\">Lassen Sie sich oder Ihre G\u00e4ste von uns chauffieren und nutzen Sie unsere Fahrdienste. Von der klassischen Fahrt mit luxuri\u00f6ser Limousine \u00fcber Artist-Shuttles auf Festivals bis hin zu permanent begleitenden Chauffeurdiensten bei Tourneen oder entfernten Konzerten mit Bandbussen oder PKW bieten wir alle Art von Shuttlefahrten und Fahrdienstleistungen an.<\/span><br \/>\n<span style=\"color: #000000;\">Oder nutzen Sie bequem unsere bundesweit m\u00f6glichen Flughafentransfers. Unsere Chauffeure empfangen Sie oder Ihre G\u00e4ste direkt im Terminal und sind mit dem Gep\u00e4ck behilflich.<\/span><br \/>\n<span style=\"color: #000000;\">Neben Personentransport bieten wir auch Backline- und Sachtransporte an, um diese sicher und p\u00fcnktlich f\u00fcr Sie zum Zielort zu fahren. Ein individuelles Angebot hierf\u00fcr erstellen wir Ihnen gern auf Anfrage.<\/span><br \/>\n<span style=\"color: #000000;\">Wir sind ein beh\u00f6rdlich zugelassenes und konzessioniertes Fahrdienstunternehmen. Alle hierf\u00fcr erforderlichen Genehmigungen liegen vor und werden in den Fahrzeugen mitgef\u00fchrt. Alle unsere Fahrer sind selbstverst\u00e4ndlich im Besitz eines gesetzlich vorgeschriebenen Personenbef\u00f6rderungsscheins.<\/span>[\/vc_column_text][\/vc_column_inner][\/vc_row_inner][\/vc_column][\/vc_row]<\/p>\n","protected":false},"excerpt":{"rendered":"<p>[vc_row css=&#8220;.vc_custom_1683149514671{background-color: #ffffff !important;}&#8220;][vc_column][vc_custom_heading text=&#8220;&#8220; font_container=&#8220;tag:h6|font_size:15px|text_align:center|color:%23cccccc&#8220; use_theme_fonts=&#8220;yes&#8220; css=&#8220;.vc_custom_1682973871565{margin-bottom: 10px !important;}&#8220;][vc_row_inner][vc_column_inner width=&#8220;1\/2&#8243;][\/vc_column_inner][vc_column_inner width=&#8220;1\/2&#8243;][vc_column_text]Lassen Sie sich oder Ihre G\u00e4ste von uns chauffieren und nutzen Sie unsere Fahrdienste. Von der klassischen Fahrt mit luxuri\u00f6ser Limousine \u00fcber Artist-Shuttles auf Festivals bis hin zu permanent begleitenden Chauffeurdiensten bei Tourneen oder entfernten Konzerten mit Bandbussen oder PKW bieten wir alle Art [&hellip;]<\/p>\n","protected":false},"author":1,"featured_media":0,"parent":0,"menu_order":0,"comment_status":"closed","ping_status":"closed","template":"","meta":{"footnotes":""},"class_list":["post-1114","page","type-page","status-publish","hentry"],"_links":{"self":[{"href":"https:\/\/vsd-hamburg.de\/index.php?rest_route=\/wp\/v2\/pages\/1114","targetHints":{"allow":["GET"]}}],"collection":[{"href":"https:\/\/vsd-hamburg.de\/index.php?rest_route=\/wp\/v2\/pages"}],"about":[{"href":"https:\/\/vsd-hamburg.de\/index.php?rest_route=\/wp\/v2\/types\/page"}],"author":[{"embeddable":true,"href":"https:\/\/vsd-hamburg.de\/index.php?rest_route=\/wp\/v2\/users\/1"}],"replies":[{"embeddable":true,"href":"https:\/\/vsd-hamburg.de\/index.php?rest_route=%2Fwp%2Fv2%2Fcomments&post=1114"}],"version-history":[{"count":7,"href":"https:\/\/vsd-hamburg.de\/index.php?rest_route=\/wp\/v2\/pages\/1114\/revisions"}],"predecessor-version":[{"id":1289,"href":"https:\/\/vsd-hamburg.de\/index.php?rest_route=\/wp\/v2\/pages\/1114\/revisions\/1289"}],"wp:attachment":[{"href":"https:\/\/vsd-hamburg.de\/index.php?rest_route=%2Fwp%2Fv2%2Fmedia&parent=1114"}],"curies":[{"name":"wp","href":"https:\/\/api.w.org\/{rel}","templated":true}]}}