{"id":1163,"date":"2023-05-01T12:27:04","date_gmt":"2023-05-01T10:27:04","guid":{"rendered":"https:\/\/vsd-hamburg.de\/?page_id=1163"},"modified":"2023-05-03T21:15:22","modified_gmt":"2023-05-03T19:15:22","slug":"sicherheit","status":"publish","type":"page","link":"https:\/\/vsd-hamburg.de\/?page_id=1163","title":{"rendered":"Sicherheit"},"content":{"rendered":"<p>[vc_section][vc_row][vc_column]<div class=\"wpb_content_element  vc_custom_1683141119870\"><style type=\"text\/css\">#ut_header_69fb3e20b5506 h2.section-title { font-size:80px !important;line-height:88px !important;letter-spacing:-0.05em; }<\/style><header id=\"ut_header_69fb3e20b5506\" class=\"section-header  ut-no-title-linebreak-mobile ut-no-lead-linebreak-mobile pt-style-2 header-center header-tablet-center header-mobile-center element-with-custom-line-height\"><div class=\"element-with-custom-line-height\" ><h2 data-title=\"Sicherheitsdienstleistungen\"  data-responsive-font=\"section_title\" data-responsive-font-settings=\"{&quot;base-font-size&quot;:&quot;global&quot;,&quot;font-size&quot;:{&quot;desktop_large&quot;:&quot;80&quot;},&quot;base-line-height&quot;:&quot;global&quot;,&quot;line-height&quot;:{&quot;desktop_large&quot;:&quot;88&quot;},&quot;base-letter-spacing&quot;:&quot;global&quot;,&quot;letter-spacing&quot;:{&quot;desktop_large&quot;:&quot;-0.05&quot;}}\" class=\"section-title  \"><span>Sicherheitsdienstleistungen<\/span><\/h2><\/div><div data-delay=\"0\" class=\"lead \"><p>Unser Sicherheitsdienst, den wir anbieten, erstreckt sich auf unterschiedliche Bereiche:<\/p>\n<p>\n<\/div><\/header><\/div>[\/vc_column][\/vc_row][vc_row][vc_column width=&#8220;1\/2&#8243;][vc_custom_heading text=&#8220;Veranstaltungsschutz \/ Veranstaltungsbewachung&#8220; font_container=&#8220;tag:h3|text_align:left&#8220; use_theme_fonts=&#8220;yes&#8220;][vc_column_text]Hierbei gew\u00e4hrleisten wir mit eigenem Personal die Absicherung Ihrer Veranstaltung \u2013 vom Zugang \u00fcber Notausg\u00e4nge Einlass- und Kartenkontrollen bis hin zum Parkplatzmanagement.<\/p>\n<p>Auch k\u00f6nnen Sie weitere Personaldienstleistungen f\u00fcr Ihre Veranstaltung \u00fcber uns beziehen. Dazu z\u00e4hlen Hostessen, Garderobendienste, Brandsicherheitswachen oder Sanit\u00e4ter bzw. sanit\u00e4tsdienstliche Absicherung des Events.[\/vc_column_text][\/vc_column][vc_column width=&#8220;1\/2&#8243;][vc_custom_heading text=&#8220;Objektschutz \/ Separatwachdienst&#8220; font_container=&#8220;tag:h3|text_align:left&#8220; use_theme_fonts=&#8220;yes&#8220;][vc_column_text]Auch das Thema Objektschutz beinhaltet ein breitgef\u00e4chertes Spektrum an Dienstleistungen. Hierzu k\u00f6nnen wir Ihnen Pf\u00f6rtnerdienste, Zugangskontrollen, Telefondienste, Abwicklung von Lieferantenverkehr, Standposten f\u00fcr tempor\u00e4ren Einsatz (beim Messeaufbau, w\u00e4hrend der Messe selbst oder f\u00fcr ein stark besuchtes Gesch\u00e4ft), aber auch bewaffneten Objektschutz anbieten.[\/vc_column_text][\/vc_column][\/vc_row][vc_row][vc_column width=&#8220;1\/2&#8243;][vc_custom_heading text=&#8220;Tour Security&#8220; font_container=&#8220;tag:h3|text_align:left&#8220; use_theme_fonts=&#8220;yes&#8220;][vc_column_text]Als Tourneebegleitung und K\u00fcnstlerbetreuung weltweit \u00fcbernehmen wir die Vorbereitung, Planung und Umsetzung in den Bereichen Hotelsicherheit, Organisation der An- und Abreise von K\u00fcnstlern, Venue Security und Hausrecht (entspr. VStattVO) sowie die Sicherheit f\u00fcr die Produktionsabl\u00e4ufe auf, hinter und neben der B\u00fchne. Dabei pflegen und halten wir Kontakt mit \u00f6rtlichen Veranstaltern, Dienstleistern, Beh\u00f6rden, Polizei und allen anderen notwendigen Institutionen.[\/vc_column_text][\/vc_column][vc_column width=&#8220;1\/2&#8243;][vc_custom_heading text=&#8220;Geld- und Wertdienste \/ Kassendienste&#8220; font_container=&#8220;tag:h3|text_align:left&#8220; use_theme_fonts=&#8220;yes&#8220;][vc_column_text]Wir bewirtschaften und organisieren Ihnen die Bereitstellung von Kassenpersonal und gew\u00e4hrleisten die Verbringung von Einnahmen bzw. den sicheren Einschluss dieser bis zur n\u00e4chsten Bank\u00f6ffnungszeit. Das beinhaltet auf Wunsch auch die Bereitstellung von Kassensystemen, Wechselgeld sowie die Abrechnungen.[\/vc_column_text][\/vc_column][\/vc_row][vc_row][vc_column width=&#8220;1\/2&#8243;][vc_custom_heading text=&#8220;Personenschutz \/ Close Protection&#8220; font_container=&#8220;tag:h3|text_align:left&#8220; use_theme_fonts=&#8220;yes&#8220;][vc_column_text]Wir von VSD sind in der Lage, ein breites Spektrum von Kunden, Veranstaltungen, Regierungsbeh\u00f6rden, Wirtschaftsunternehmen und Einzelpersonen in Fragen der Risikoanalyse, Gefahrenabwehr und pers\u00f6nlichen Schutzma\u00dfnahmen zu unterst\u00fctzen. Unsere hochqualifizierten Fachleute k\u00f6nnen mit Ihnen zusammenarbeiten, um sicherzustellen, dass der Sicherheitsbetrieb Ihres Unternehmens im Einklang mit seiner allgemeinen Gesch\u00e4ftsstrategie bleibt. Von einer laufenden strategischen Sicherheitsoperation des Unternehmens bis hin zu einem einmaligen Personenschutzeinsatz sind unsere Dienstleistungen umfassend.[\/vc_column_text][\/vc_column][vc_column width=&#8220;1\/2&#8243;][vc_custom_heading text=&#8220;Health &amp; Safety Management \/ Erstellung von Sicherheitskonzepten &#8220; font_container=&#8220;tag:h3|text_align:left&#8220; use_theme_fonts=&#8220;yes&#8220;][vc_column_text]Nutzen Sie unser Know How bei der Erstellung eines Sicherheitskonzepts f\u00fcr Ihr Vorhaben. Gerade die Covid-Pandemie hat gezeigt, wie wichtig ein gutes Health &amp; Safety Management ist, um Kunden sowie Mitarbeiter zu sch\u00fctzen.<\/p>\n<p>VSD verpflichtet sich, Sicherheitsmanagementvorg\u00e4nge so durchzuf\u00fchren, dass Menschen, Eigentum, Einrichtungen, Gemeinschaften und die Umwelt gesch\u00fctzt werden.<\/p>\n<p>Sicherheitsaudits k\u00f6nnen durchgef\u00fchrt werden, um die Wirksamkeit oder anderweitig die aktuellen Sicherheitsma\u00dfnahmen eines Kunden zu untersuchen. Ein Pr\u00fcfbericht kann bereitgestellt werden, um den Kunden oder das Unternehmen \u00fcber Verbesserungen oder weitere Ma\u00dfnahmen zu informieren, die zur Erh\u00f6hung der Sicherheit ergriffen werden k\u00f6nnen.[\/vc_column_text][\/vc_column][\/vc_row][vc_row][vc_column][vc_column_text]<\/p>\n<p style=\"text-align: center;\"><strong>Alle unsere Mitarbeiter besitzen die Sachkundepr\u00fcfung im Bewachungsgewerbe nach \u00a734a Abs. 2 Nr. 2 der Gewerbeordnung.<\/strong><\/p>\n<p style=\"text-align: center;\"><strong>Je nach Bedarf stellen wir Einsatz- und Hilfsmittel (z. B. Funkger\u00e4te) zur Verf\u00fcgung.<\/strong><\/p>\n<p>[\/vc_column_text][\/vc_column][\/vc_row][\/vc_section]<\/p>\n","protected":false},"excerpt":{"rendered":"<p>[vc_section][vc_row][vc_column][\/vc_column][\/vc_row][vc_row][vc_column width=&#8220;1\/2&#8243;][vc_custom_heading text=&#8220;Veranstaltungsschutz \/ Veranstaltungsbewachung&#8220; font_container=&#8220;tag:h3|text_align:left&#8220; use_theme_fonts=&#8220;yes&#8220;][vc_column_text]Hierbei gew\u00e4hrleisten wir mit eigenem Personal die Absicherung Ihrer Veranstaltung \u2013 vom Zugang \u00fcber Notausg\u00e4nge Einlass- und Kartenkontrollen bis hin zum Parkplatzmanagement. Auch k\u00f6nnen Sie weitere Personaldienstleistungen f\u00fcr Ihre Veranstaltung \u00fcber uns beziehen. Dazu z\u00e4hlen Hostessen, Garderobendienste, Brandsicherheitswachen oder Sanit\u00e4ter bzw. sanit\u00e4tsdienstliche Absicherung des Events.[\/vc_column_text][\/vc_column][vc_column width=&#8220;1\/2&#8243;][vc_custom_heading text=&#8220;Objektschutz \/ Separatwachdienst&#8220; [&hellip;]<\/p>\n","protected":false},"author":1,"featured_media":0,"parent":0,"menu_order":0,"comment_status":"closed","ping_status":"closed","template":"","meta":{"footnotes":""},"class_list":["post-1163","page","type-page","status-publish","hentry"],"_links":{"self":[{"href":"https:\/\/vsd-hamburg.de\/index.php?rest_route=\/wp\/v2\/pages\/1163","targetHints":{"allow":["GET"]}}],"collection":[{"href":"https:\/\/vsd-hamburg.de\/index.php?rest_route=\/wp\/v2\/pages"}],"about":[{"href":"https:\/\/vsd-hamburg.de\/index.php?rest_route=\/wp\/v2\/types\/page"}],"author":[{"embeddable":true,"href":"https:\/\/vsd-hamburg.de\/index.php?rest_route=\/wp\/v2\/users\/1"}],"replies":[{"embeddable":true,"href":"https:\/\/vsd-hamburg.de\/index.php?rest_route=%2Fwp%2Fv2%2Fcomments&post=1163"}],"version-history":[{"count":3,"href":"https:\/\/vsd-hamburg.de\/index.php?rest_route=\/wp\/v2\/pages\/1163\/revisions"}],"predecessor-version":[{"id":1237,"href":"https:\/\/vsd-hamburg.de\/index.php?rest_route=\/wp\/v2\/pages\/1163\/revisions\/1237"}],"wp:attachment":[{"href":"https:\/\/vsd-hamburg.de\/index.php?rest_route=%2Fwp%2Fv2%2Fmedia&parent=1163"}],"curies":[{"name":"wp","href":"https:\/\/api.w.org\/{rel}","templated":true}]}}