{"id":533,"date":"2018-05-22T02:41:11","date_gmt":"2018-05-22T00:41:11","guid":{"rendered":"http:\/\/themeforest.unitedthemes.com\/wpversions\/brooklyn\/xml\/demo42\/?page_id=533"},"modified":"2023-05-03T22:59:16","modified_gmt":"2023-05-03T20:59:16","slug":"typography-test-page","status":"publish","type":"page","link":"https:\/\/vsd-hamburg.de\/?page_id=533","title":{"rendered":"\u00dcber uns"},"content":{"rendered":"<p>[vc_section][vc_row][vc_column]<div class=\"wpb_content_element \"><style type=\"text\/css\">#ut_header_69e1a99c67863 h2.section-title { font-size:80px !important;line-height:88px !important;letter-spacing:-0.05em; }<\/style><header id=\"ut_header_69e1a99c67863\" class=\"section-header  ut-no-title-linebreak-mobile ut-no-lead-linebreak-mobile pt-style-2 header-center header-tablet-center header-mobile-center element-with-custom-line-height\"><div class=\"element-with-custom-line-height\" ><h2 data-title=\"\u00dcber uns\"  data-responsive-font=\"section_title\" data-responsive-font-settings=\"{&quot;base-font-size&quot;:&quot;global&quot;,&quot;font-size&quot;:{&quot;desktop_large&quot;:&quot;80&quot;},&quot;base-line-height&quot;:&quot;global&quot;,&quot;line-height&quot;:{&quot;desktop_large&quot;:&quot;88&quot;},&quot;base-letter-spacing&quot;:&quot;global&quot;,&quot;letter-spacing&quot;:{&quot;desktop_large&quot;:&quot;-0.05&quot;}}\" class=\"section-title  \"><span>\u00dcber uns<\/span><\/h2><\/div><div data-delay=\"0\" class=\"lead \"><p>Das Unternehmen VSD Hamburg International Eventmanagement GbR ist als Dienstleistungsunternehmen seit mehr als 25 Jahren in verschiedenen Bereichen der Veranstaltungsbranche t\u00e4tig.<\/p>\n<\/div><\/header><\/div>[vc_column_text]<\/p>\n<p style=\"text-align: center;\">Mit weitreichender Erfahrung und Zuverl\u00e4ssigkeit unterst\u00fctzen wir Konzepte und deren Umsetzungen kompetent und flexibel.<\/p>\n<p style=\"text-align: center;\">Von Hamburg aus sind wir mit unserem Service in den Bereichen Tourneen, Festivals, Konzerte, Messen, Fahrdienste, Bandbusvermietung und Sicherheitsdienstleistungen weltweit t\u00e4tig.<\/p>\n<p style=\"text-align: center;\">\u00dcber branchenspezifische Standards hinausgehend bietet Ihnen das VSD-Team staatlich gepr\u00fcfte Meister f\u00fcr Veranstaltungstechnik (B\u00fchnen, Hallen, Studios), Brandschutzbeauftragte mit Pyroschein sowie die Sachkundepr\u00fcfung im Bewachungsgewerbe nach \u00a734a. Die Mitgliedschaft im Bund der Sicherheitswirtschaft BDSW ist f\u00fcr uns genauso selbstverst\u00e4ndlich wie konzessionierte Mietfahrzeuge oder Personenbef\u00f6rderungsscheine unserer fahrenden Mitarbeiter und Mitarbeiterinnen sowie deren Weiterbildung.<\/p>\n<p style=\"text-align: center;\">Die Fahrzeugflotte, die wir f\u00fcr Tourneen, Bandtransporte und K\u00fcnstler- oder Shuttlefahrten gr\u00f6\u00dftenteils speziell f\u00fcr diese Zwecke haben umbauen lassen, stellen wir unseren Kunden auch als Selbstfahrermietfahrzeuge zur Verf\u00fcgung.<\/p>\n<p style=\"text-align: center;\">Fragen Sie uns gern nach unseren M\u00f6glichkeiten, Ihr Vorhaben bestm\u00f6glich zu realisieren. Unser kompetentes und motiviertes Team steht Ihnen mit h\u00f6chster Diskretion und maximalem Service zur Verf\u00fcgung.<\/p>\n<p>[\/vc_column_text][\/vc_column][\/vc_row][\/vc_section]<\/p>\n","protected":false},"excerpt":{"rendered":"<p>[vc_section][vc_row][vc_column][vc_column_text] Mit weitreichender Erfahrung und Zuverl\u00e4ssigkeit unterst\u00fctzen wir Konzepte und deren Umsetzungen kompetent und flexibel. Von Hamburg aus sind wir mit unserem Service in den Bereichen Tourneen, Festivals, Konzerte, Messen, Fahrdienste, Bandbusvermietung und Sicherheitsdienstleistungen weltweit t\u00e4tig. \u00dcber branchenspezifische Standards hinausgehend bietet Ihnen das VSD-Team staatlich gepr\u00fcfte Meister f\u00fcr Veranstaltungstechnik (B\u00fchnen, Hallen, Studios), Brandschutzbeauftragte mit Pyroschein [&hellip;]<\/p>\n","protected":false},"author":1,"featured_media":0,"parent":0,"menu_order":0,"comment_status":"closed","ping_status":"closed","template":"","meta":{"footnotes":""},"class_list":["post-533","page","type-page","status-publish","hentry"],"_links":{"self":[{"href":"https:\/\/vsd-hamburg.de\/index.php?rest_route=\/wp\/v2\/pages\/533","targetHints":{"allow":["GET"]}}],"collection":[{"href":"https:\/\/vsd-hamburg.de\/index.php?rest_route=\/wp\/v2\/pages"}],"about":[{"href":"https:\/\/vsd-hamburg.de\/index.php?rest_route=\/wp\/v2\/types\/page"}],"author":[{"embeddable":true,"href":"https:\/\/vsd-hamburg.de\/index.php?rest_route=\/wp\/v2\/users\/1"}],"replies":[{"embeddable":true,"href":"https:\/\/vsd-hamburg.de\/index.php?rest_route=%2Fwp%2Fv2%2Fcomments&post=533"}],"version-history":[{"count":4,"href":"https:\/\/vsd-hamburg.de\/index.php?rest_route=\/wp\/v2\/pages\/533\/revisions"}],"predecessor-version":[{"id":1257,"href":"https:\/\/vsd-hamburg.de\/index.php?rest_route=\/wp\/v2\/pages\/533\/revisions\/1257"}],"wp:attachment":[{"href":"https:\/\/vsd-hamburg.de\/index.php?rest_route=%2Fwp%2Fv2%2Fmedia&parent=533"}],"curies":[{"name":"wp","href":"https:\/\/api.w.org\/{rel}","templated":true}]}}