{"id":923,"date":"2018-09-15T23:56:32","date_gmt":"2018-09-15T21:56:32","guid":{"rendered":"http:\/\/themeforest.unitedthemes.com\/wpversions\/brooklyn\/xml\/demo42\/front-page-copy\/"},"modified":"2023-05-03T21:19:44","modified_gmt":"2023-05-03T19:19:44","slug":"front-page-hero-alternative","status":"publish","type":"page","link":"https:\/\/vsd-hamburg.de\/?page_id=923","title":{"rendered":"Tourmanagement"},"content":{"rendered":"<p>[vc_section bklyn_section_anchor_id=&#8220;Team&#8220;][vc_row][vc_column offset=&#8220;vc_col-lg-12&#8243;]<div class=\"wpb_content_element \"><style type=\"text\/css\">#ut_header_69f60fd2e8a8a h2.section-title { font-size:80px !important;line-height:88px !important;letter-spacing:-0.05em; }<\/style><header id=\"ut_header_69f60fd2e8a8a\" class=\"section-header  ut-no-title-linebreak-mobile ut-no-lead-linebreak-mobile pt-style-2 header-center header-tablet-center header-mobile-center element-with-custom-line-height\"><div class=\"element-with-custom-line-height\" ><h2 data-title=\"Tourmanagement\"  data-responsive-font=\"section_title\" data-responsive-font-settings=\"{&quot;base-font-size&quot;:&quot;global&quot;,&quot;font-size&quot;:{&quot;desktop_large&quot;:&quot;80&quot;},&quot;base-line-height&quot;:&quot;global&quot;,&quot;line-height&quot;:{&quot;desktop_large&quot;:&quot;88&quot;},&quot;base-letter-spacing&quot;:&quot;global&quot;,&quot;letter-spacing&quot;:{&quot;desktop_large&quot;:&quot;-0.05&quot;}}\" class=\"section-title  \"><span>Tourmanagement<\/span><\/h2><\/div><div data-delay=\"0\" class=\"lead \"><p>Tour Accounting \/ Produktionsleitung<\/p>\n<\/div><\/header><\/div>[vc_column_text]<\/p>\n<p style=\"text-align: center;\">Reibungslose Abl\u00e4ufe zu garantieren erfordert gerade im Tourneesegment optimale Vorbereitung. In Zusammenarbeit mit Management, Booking Agentur und \u00f6rtlichen Veranstaltern erarbeiten wir einen effizienten Tourplan und \u00fcbernehmen auch die kaufm\u00e4nnische und produktionsseitige Abwicklung f\u00fcr Sie.<\/p>\n<p style=\"text-align: center;\">Bei der Veranstaltungslogistik stehen wir Ihnen mit dem Transport von Instrumenten, Backline, Technik, B\u00fchnen oder Kulissen fachm\u00e4nnisch zur Verf\u00fcgung.<\/p>\n<p style=\"text-align: center;\">Hilfreich hierbei sind Ausbildung und die Klassifizierung unserer entsprechenden Mitarbeiter in den Bereichen staatlich gepr\u00fcfter Meister f\u00fcr Veranstaltungstechnik (B\u00fchnen, Hallen, Studios) oder Brandschutzbeauftragter mit Pyroschein.<\/p>\n<p style=\"text-align: center;\">Ihren Medienpartnern stehen wir dabei als Ansprechpartner f\u00fcr Interviewanfragen, Autogrammstunden und allen anderen Informationen zur Verf\u00fcgung.<\/p>\n<p style=\"text-align: center;\">Und selbst wenn die Tournee bereits durchorganisiert ist, ist es f\u00fcr den optimalen Ablauf immer hilfreich, wenn K\u00fcnstler oder K\u00fcnstlerin sowie nat\u00fcrlich auch Band oder Begleitband gut umsorgt sind. Hierf\u00fcr bieten wir Arist Care professionell an.<\/p>\n<p style=\"text-align: center;\">Unsere K\u00fcnstlerbetreuer haben durch jahrelange Erfahrung die entsprechende Sensibilit\u00e4t f\u00fcr diese Aufgabe, sei es als VIP-Fahrer oder als \u201eTournee-Concierge\u201c, der sich um entsprechende W\u00fcnsche k\u00fcmmert. Ob es es nun das spezielle Musikgesch\u00e4ft, ein Termin im Fitnessstudio oder auf dem Tennisplatz, ein Gesch\u00e4ft f\u00fcr spezielle Produkte oder die Versorgung vor Ort des jeweiligen Konzerts mit den Lieblingsgetr\u00e4nken oder \u2013speisen ist \u2013 das alles wird diskret erledigt, ohne dass der Tourleiter sich darum k\u00fcmmern muss.<\/p>\n<p style=\"text-align: center;\">Durch unsere langj\u00e4hrige Erfahrung im Bereich Promotion im In- und Ausland und unseren routinierten Tourmanagern vor Ort, finden wir auch bei unvorhersehbaren Zwischenf\u00e4llen immer die richtige, kurzfristige L\u00f6sung.<\/p>\n<p>[\/vc_column_text][\/vc_column][\/vc_row][\/vc_section]<\/p>\n","protected":false},"excerpt":{"rendered":"<p>[vc_section bklyn_section_anchor_id=&#8220;Team&#8220;][vc_row][vc_column offset=&#8220;vc_col-lg-12&#8243;][vc_column_text] Reibungslose Abl\u00e4ufe zu garantieren erfordert gerade im Tourneesegment optimale Vorbereitung. In Zusammenarbeit mit Management, Booking Agentur und \u00f6rtlichen Veranstaltern erarbeiten wir einen effizienten Tourplan und \u00fcbernehmen auch die kaufm\u00e4nnische und produktionsseitige Abwicklung f\u00fcr Sie. Bei der Veranstaltungslogistik stehen wir Ihnen mit dem Transport von Instrumenten, Backline, Technik, B\u00fchnen oder Kulissen fachm\u00e4nnisch zur [&hellip;]<\/p>\n","protected":false},"author":1,"featured_media":0,"parent":0,"menu_order":0,"comment_status":"closed","ping_status":"closed","template":"","meta":{"footnotes":""},"class_list":["post-923","page","type-page","status-publish","hentry"],"_links":{"self":[{"href":"https:\/\/vsd-hamburg.de\/index.php?rest_route=\/wp\/v2\/pages\/923","targetHints":{"allow":["GET"]}}],"collection":[{"href":"https:\/\/vsd-hamburg.de\/index.php?rest_route=\/wp\/v2\/pages"}],"about":[{"href":"https:\/\/vsd-hamburg.de\/index.php?rest_route=\/wp\/v2\/types\/page"}],"author":[{"embeddable":true,"href":"https:\/\/vsd-hamburg.de\/index.php?rest_route=\/wp\/v2\/users\/1"}],"replies":[{"embeddable":true,"href":"https:\/\/vsd-hamburg.de\/index.php?rest_route=%2Fwp%2Fv2%2Fcomments&post=923"}],"version-history":[{"count":4,"href":"https:\/\/vsd-hamburg.de\/index.php?rest_route=\/wp\/v2\/pages\/923\/revisions"}],"predecessor-version":[{"id":1240,"href":"https:\/\/vsd-hamburg.de\/index.php?rest_route=\/wp\/v2\/pages\/923\/revisions\/1240"}],"wp:attachment":[{"href":"https:\/\/vsd-hamburg.de\/index.php?rest_route=%2Fwp%2Fv2%2Fmedia&parent=923"}],"curies":[{"name":"wp","href":"https:\/\/api.w.org\/{rel}","templated":true}]}}